{"id":17628,"date":"2026-03-18T14:50:31","date_gmt":"2026-03-18T17:50:31","guid":{"rendered":"https:\/\/santacasabirigui.com.br\/?page_id=17628"},"modified":"2026-04-07T14:01:26","modified_gmt":"2026-04-07T14:01:26","slug":"ouvidoria-2","status":"publish","type":"page","link":"https:\/\/scbirigu.vtec.net.br\/?page_id=17628","title":{"rendered":"OuvidoriaTeste"},"content":{"rendered":"\t\t<div data-elementor-type=\"wp-page\" data-elementor-id=\"17628\" class=\"elementor elementor-17628\">\n\t\t\t\t<div class=\"elementor-element elementor-element-79f95b2 e-con-full e-flex e-con e-parent\" data-id=\"79f95b2\" data-element_type=\"container\" data-e-type=\"container\">\n\t\t\t\t<div class=\"elementor-element elementor-element-53e4480 elementor-widget elementor-widget-image\" data-id=\"53e4480\" data-element_type=\"widget\" data-e-type=\"widget\" data-widget_type=\"image.default\">\n\t\t\t\t\t\t\t\t\t\t\t\t\t\t\t<img fetchpriority=\"high\" decoding=\"async\" width=\"1920\" height=\"450\" src=\"https:\/\/scbirigu.vtec.net.br\/wp-content\/uploads\/2026\/04\/OUVIDORIA-20x5.png\" class=\"attachment-full size-full wp-image-17812 jl-lazyload lazyload\" alt=\"\" data-src=\"https:\/\/scbirigu.vtec.net.br\/wp-content\/uploads\/2026\/04\/OUVIDORIA.png\" srcset=\"https:\/\/scbirigu.vtec.net.br\/wp-content\/uploads\/2026\/04\/OUVIDORIA-20x5.png 20w, https:\/\/scbirigu.vtec.net.br\/wp-content\/uploads\/2026\/04\/OUVIDORIA-300x70.png 300w, https:\/\/scbirigu.vtec.net.br\/wp-content\/uploads\/2026\/04\/OUVIDORIA-1024x240.png 1024w, https:\/\/scbirigu.vtec.net.br\/wp-content\/uploads\/2026\/04\/OUVIDORIA-768x180.png 768w, https:\/\/scbirigu.vtec.net.br\/wp-content\/uploads\/2026\/04\/OUVIDORIA-1536x360.png 1536w, https:\/\/scbirigu.vtec.net.br\/wp-content\/uploads\/2026\/04\/OUVIDORIA-1600x375.png 1600w, https:\/\/scbirigu.vtec.net.br\/wp-content\/uploads\/2026\/04\/OUVIDORIA-1100x258.png 1100w, https:\/\/scbirigu.vtec.net.br\/wp-content\/uploads\/2026\/04\/OUVIDORIA-600x141.png 600w, https:\/\/scbirigu.vtec.net.br\/wp-content\/uploads\/2026\/04\/OUVIDORIA.png 1920w\" sizes=\"(max-width: 1920px) 100vw, 1920px\" \/>\t\t\t\t\t\t\t\t\t\t\t\t\t\t\t<\/div>\n\t\t\t\t<\/div>\n\t\t<div class=\"elementor-element elementor-element-9c044f2 e-con-full e-flex e-con e-parent\" data-id=\"9c044f2\" data-element_type=\"container\" data-e-type=\"container\">\n\t\t\t\t<div class=\"elementor-element elementor-element-e13dce8 elementor-widget__width-inherit elementor-widget elementor-widget-text-editor\" data-id=\"e13dce8\" data-element_type=\"widget\" data-e-type=\"widget\" data-widget_type=\"text-editor.default\">\n\t\t\t\t\t\t\t\t\t<p><br \/>Nosso objetivo principal \u00e9 acolher suas manifesta\u00e7\u00f5es \u2014 sejam elas sugest\u00f5es, elogios ou reclama\u00e7\u00f5es \u2014 e garantir que sua voz seja ouvida. Com base nessas intera\u00e7\u00f5es, identificamos cr\u00edticas e oportunidades de melhoria, sempre com o compromisso de inovar e oferecer uma assist\u00eancia \u00e0 sa\u00fade cada vez mais qualificada.<\/p><h3><br \/>CENTRAL DE OUVIDORIA<\/h3>\t\t\t\t\t\t\t\t<\/div>\n\t\t\t\t<\/div>\n\t\t<div class=\"elementor-element elementor-element-a37abd3 e-flex e-con-boxed e-con e-parent\" data-id=\"a37abd3\" data-element_type=\"container\" data-e-type=\"container\">\n\t\t\t\t\t<div class=\"e-con-inner\">\n\t\t<div class=\"elementor-element elementor-element-6de311b e-con-full e-flex e-con e-child\" data-id=\"6de311b\" data-element_type=\"container\" data-e-type=\"container\">\n\t\t\t\t<div class=\"elementor-element elementor-element-506b408 elementor-widget elementor-widget-wpforms\" data-id=\"506b408\" data-element_type=\"widget\" data-e-type=\"widget\" data-widget_type=\"wpforms.default\">\n\t\t\t\t<div class=\"elementor-widget-container\">\n\t\t\t\t\t<style id=\"wpforms-css-vars-elementor-widget-506b408\">\n\t\t\t\t.elementor-widget-wpforms.elementor-element-506b408 {\n\t\t\t\t--wpforms-field-border-radius: 15px;\n--wpforms-button-border-radius: 15px;\n\t\t\t}\n\t\t\t<\/style><div class=\"wpforms-container wpforms-container-full wpforms-render-modern\" id=\"wpforms-17769\"><form id=\"wpforms-form-17769\" class=\"wpforms-validate wpforms-form wpforms-ajax-form\" data-formid=\"17769\" method=\"post\" enctype=\"multipart\/form-data\" action=\"\/index.php?rest_route=%2Fwp%2Fv2%2Fpages%2F17628\" data-token=\"6c7b017d09ecd99a73aeca10626ae9ea\" data-token-time=\"1776595491\"><noscript class=\"wpforms-error-noscript\">Ative o JavaScript no seu navegador para preencher este formul\u00e1rio.<\/noscript><div id=\"wpforms-error-noscript\" style=\"display: none;\">Ative o JavaScript no seu navegador para preencher este formul\u00e1rio.<\/div><div class=\"wpforms-field-container\"><div id=\"wpforms-17769-field_1-container\" class=\"wpforms-field wpforms-field-name\" data-field-id=\"1\"><fieldset><legend class=\"wpforms-field-label\">Nome <span class=\"wpforms-required-label\" aria-hidden=\"true\">*<\/span><\/legend><div class=\"wpforms-field-row wpforms-field-medium\"><div class=\"wpforms-field-row-block wpforms-first wpforms-one-half\"><input type=\"text\" id=\"wpforms-17769-field_1\" class=\"wpforms-field-name-first wpforms-field-required\" name=\"wpforms[fields][1][first]\" aria-errormessage=\"wpforms-17769-field_1-error\" required><label for=\"wpforms-17769-field_1\" class=\"wpforms-field-sublabel after\">Nome<\/label><\/div><div class=\"wpforms-field-row-block wpforms-one-half\"><input type=\"text\" id=\"wpforms-17769-field_1-last\" class=\"wpforms-field-name-last wpforms-field-required\" name=\"wpforms[fields][1][last]\" aria-errormessage=\"wpforms-17769-field_1-last-error\" required><label for=\"wpforms-17769-field_1-last\" class=\"wpforms-field-sublabel after\">Sobrenome<\/label><\/div><\/div><\/fieldset><\/div>\t\t<div id=\"wpforms-17769-field_5-container\"\n\t\t\tclass=\"wpforms-field wpforms-field-text\"\n\t\t\tdata-field-type=\"text\"\n\t\t\tdata-field-id=\"5\"\n\t\t\t>\n\t\t\t<label class=\"wpforms-field-label\" for=\"wpforms-17769-field_5\" >Coment\u00e1rio Telefone E-mail<\/label>\n\t\t\t<input type=\"text\" id=\"wpforms-17769-field_5\" class=\"wpforms-field-medium\" name=\"wpforms[fields][5]\" >\n\t\t<\/div>\n\t\t<div id=\"wpforms-17769-field_4-container\" class=\"wpforms-field wpforms-field-number\" data-field-id=\"4\"><label class=\"wpforms-field-label\" for=\"wpforms-17769-field_4\">Telefone <span class=\"wpforms-required-label\" aria-hidden=\"true\">*<\/span><\/label><input type=\"number\" id=\"wpforms-17769-field_4\" class=\"wpforms-field-medium wpforms-field-required\" name=\"wpforms[fields][4]\" step=\"any\" aria-errormessage=\"wpforms-17769-field_4-error\" required><\/div><div id=\"wpforms-17769-field_2-container\" class=\"wpforms-field wpforms-field-email\" data-field-id=\"2\"><label class=\"wpforms-field-label\" for=\"wpforms-17769-field_2\">E-mail <span class=\"wpforms-required-label\" aria-hidden=\"true\">*<\/span><\/label><input type=\"email\" id=\"wpforms-17769-field_2\" class=\"wpforms-field-medium wpforms-field-required\" name=\"wpforms[fields][2]\" spellcheck=\"false\" aria-errormessage=\"wpforms-17769-field_2-error\" required><\/div><div id=\"wpforms-17769-field_3-container\" class=\"wpforms-field wpforms-field-textarea\" data-field-id=\"3\"><label class=\"wpforms-field-label\" for=\"wpforms-17769-field_3\">Coment\u00e1rio ou Mensagem<\/label><textarea id=\"wpforms-17769-field_3\" class=\"wpforms-field-medium\" name=\"wpforms[fields][3]\" aria-errormessage=\"wpforms-17769-field_3-error\" ><\/textarea><\/div><script>\n\t\t\t\t( function() {\n\t\t\t\t\tconst style = document.createElement( 'style' );\n\t\t\t\t\tstyle.appendChild( document.createTextNode( '#wpforms-17769-field_5-container { position: absolute !important; overflow: hidden !important; display: inline !important; height: 1px !important; width: 1px !important; z-index: -1000 !important; padding: 0 !important; } #wpforms-17769-field_5-container input { visibility: hidden; } #wpforms-conversational-form-page #wpforms-17769-field_5-container label { counter-increment: none; }' ) );\n\t\t\t\t\tdocument.head.appendChild( style );\n\t\t\t\t\tdocument.currentScript?.remove();\n\t\t\t\t} )();\n\t\t\t<\/script><\/div><!-- .wpforms-field-container --><div class=\"wpforms-submit-container\" ><input type=\"hidden\" name=\"wpforms[id]\" value=\"17769\"><input type=\"hidden\" name=\"page_title\" value=\"\"><input type=\"hidden\" name=\"page_url\" value=\"https:\/\/scbirigu.vtec.net.br\/index.php?rest_route=\/wp\/v2\/pages\/17628\"><input type=\"hidden\" name=\"url_referer\" value=\"\"><button type=\"submit\" name=\"wpforms[submit]\" id=\"wpforms-submit-17769\" class=\"wpforms-submit\" data-alt-text=\"Enviando\u2026\" data-submit-text=\"Enviar\" aria-live=\"assertive\" value=\"wpforms-submit\">Enviar<\/button><img decoding=\"async\" src=\"data:image\/gif;base64,R0lGODlhAQABAAAAACH5BAEKAAEALAAAAAABAAEAAAICTAEAOw==\" data-src=\"https:\/\/scbirigu.vtec.net.br\/wp-content\/plugins\/wpforms-lite\/assets\/images\/submit-spin.svg\" class=\"wpforms-submit-spinner lazyload\" style=\"display: none;\" width=\"26\" height=\"26\" alt=\"Carregando\"><\/div><\/form><\/div>  <!-- .wpforms-container -->\t\t\t\t<\/div>\n\t\t\t\t<\/div>\n\t\t\t\t<\/div>\n\t\t<div class=\"elementor-element elementor-element-6ee03c2 e-con-full e-flex e-con e-child\" data-id=\"6ee03c2\" data-element_type=\"container\" data-e-type=\"container\">\n\t\t\t\t<div class=\"elementor-element elementor-element-eb29c62 elementor-view-default elementor-widget elementor-widget-icon\" data-id=\"eb29c62\" data-element_type=\"widget\" data-e-type=\"widget\" data-widget_type=\"icon.default\">\n\t\t\t\t\t\t\t<div class=\"elementor-icon-wrapper\">\n\t\t\t<div class=\"elementor-icon elementor-animation-grow\">\n\t\t\t<svg aria-hidden=\"true\" class=\"e-font-icon-svg e-fas-headphones\" viewBox=\"0 0 512 512\" xmlns=\"http:\/\/www.w3.org\/2000\/svg\"><path d=\"M256 32C114.52 32 0 146.496 0 288v48a32 32 0 0 0 17.689 28.622l14.383 7.191C34.083 431.903 83.421 480 144 480h24c13.255 0 24-10.745 24-24V280c0-13.255-10.745-24-24-24h-24c-31.342 0-59.671 12.879-80 33.627V288c0-105.869 86.131-192 192-192s192 86.131 192 192v1.627C427.671 268.879 399.342 256 368 256h-24c-13.255 0-24 10.745-24 24v176c0 13.255 10.745 24 24 24h24c60.579 0 109.917-48.098 111.928-108.187l14.382-7.191A32 32 0 0 0 512 336v-48c0-141.479-114.496-256-256-256z\"><\/path><\/svg>\t\t\t<\/div>\n\t\t<\/div>\n\t\t\t\t\t\t<\/div>\n\t\t\t\t<\/div>\n\t\t\t\t\t<\/div>\n\t\t\t\t<\/div>\n\t\t\t\t<\/div>\n\t\t","protected":false},"excerpt":{"rendered":"<p>Nosso objetivo principal \u00e9 acolher suas manifesta\u00e7\u00f5es \u2014 sejam elas sugest\u00f5es, elogios ou reclama\u00e7\u00f5es \u2014 e garantir que sua voz seja ouvida. Com base nessas intera\u00e7\u00f5es, identificamos cr\u00edticas e oportunidades de melhoria, sempre com o compromisso de inovar e oferecer uma assist\u00eancia \u00e0 sa\u00fade cada vez mais qualificada. CENTRAL DE OUVIDORIA Ative o JavaScript no [&hellip;]<\/p>\n","protected":false},"author":1,"featured_media":0,"parent":0,"menu_order":0,"comment_status":"closed","ping_status":"closed","template":"elementor_header_footer","meta":{"footnotes":""},"class_list":["post-17628","page","type-page","status-publish","hentry"],"_links":{"self":[{"href":"https:\/\/scbirigu.vtec.net.br\/index.php?rest_route=\/wp\/v2\/pages\/17628","targetHints":{"allow":["GET"]}}],"collection":[{"href":"https:\/\/scbirigu.vtec.net.br\/index.php?rest_route=\/wp\/v2\/pages"}],"about":[{"href":"https:\/\/scbirigu.vtec.net.br\/index.php?rest_route=\/wp\/v2\/types\/page"}],"author":[{"embeddable":true,"href":"https:\/\/scbirigu.vtec.net.br\/index.php?rest_route=\/wp\/v2\/users\/1"}],"replies":[{"embeddable":true,"href":"https:\/\/scbirigu.vtec.net.br\/index.php?rest_route=%2Fwp%2Fv2%2Fcomments&post=17628"}],"version-history":[{"count":16,"href":"https:\/\/scbirigu.vtec.net.br\/index.php?rest_route=\/wp\/v2\/pages\/17628\/revisions"}],"predecessor-version":[{"id":17819,"href":"https:\/\/scbirigu.vtec.net.br\/index.php?rest_route=\/wp\/v2\/pages\/17628\/revisions\/17819"}],"wp:attachment":[{"href":"https:\/\/scbirigu.vtec.net.br\/index.php?rest_route=%2Fwp%2Fv2%2Fmedia&parent=17628"}],"curies":[{"name":"wp","href":"https:\/\/api.w.org\/{rel}","templated":true}]}}