{"id":2193,"date":"2020-06-25T15:06:27","date_gmt":"2020-06-25T18:06:27","guid":{"rendered":"https:\/\/santacasabirigui.com.br\/?page_id=2193"},"modified":"2020-06-25T15:06:27","modified_gmt":"2020-06-25T18:06:27","slug":"a-santa-casa-de-misericordia-de-birigui","status":"publish","type":"page","link":"https:\/\/scbirigu.vtec.net.br\/?page_id=2193","title":{"rendered":"A Santa Casa de Miseric\u00f3rdia de Birigui"},"content":{"rendered":"\n<figure class=\"wp-block-image size-large\"><img fetchpriority=\"high\" decoding=\"async\" width=\"550\" height=\"246\" src=\"data:image\/gif;base64,R0lGODlhAQABAAAAACH5BAEKAAEALAAAAAABAAEAAAICTAEAOw==\" data-src=\"http:\/\/scbirigu.vtec.net.br\/wp-content\/uploads\/2020\/08\/inst_fachada.png\" alt=\"\" class=\"wp-image-5230 lazyload\" data-sizes=\"auto\" data-srcset=\"https:\/\/scbirigu.vtec.net.br\/wp-content\/uploads\/2020\/08\/inst_fachada.png 550w, https:\/\/scbirigu.vtec.net.br\/wp-content\/uploads\/2020\/08\/inst_fachada-300x134.png 300w, https:\/\/scbirigu.vtec.net.br\/wp-content\/uploads\/2020\/08\/inst_fachada-20x9.png 20w\" sizes=\"(max-width: 550px) 100vw, 550px\" \/><\/figure>\n\n\n\n<p><strong>IRMANDADE DA SANTA CASA DE MISERIC\u00d3RDIA DE BIRIGUI<\/strong><\/p>\n\n\n\n<p>Hist\u00f3rico da institui\u00e7\u00e3o:&nbsp;<\/p>\n\n\n\n<p align=\"justify\">A entidade foi fundada em 1935, iniciando suas atividades em 08\/12\/1935, em consequ\u00eancia da benemer\u00eancia de um grupo de pessoas de express\u00e3o s\u00f3cio econ\u00f4mico e pol\u00edtica do munic\u00edpio e, a exemplo de outras Santa Casa do pa\u00eds, tamb\u00e9m evolui com caracter\u00edstica religiosa e com finalidade de cuidar, abrigar e amparar doentes pobres e necessitados, sendo que seu registro de filantropia data de 1939. Sua constru\u00e7\u00e3o foi dada atrav\u00e9s da doa\u00e7\u00e3o do terreno por Nicolau da Silva Nunes, por campanhas para a arrecada\u00e7\u00e3o de material de constru\u00e7\u00e3o, m\u00e3o de obra, entre outros fatores; al\u00e9m de quermesses e participa\u00e7\u00e3o popular via mutir\u00f5es<\/p>\n\n\n\n<p><\/p>\n\n\n\n\n\n<p align=\"justify\">A Irmandade da Santa Casa de Miseric\u00f3rdia de Birigui, \u00e9 o \u00fanico hospital conveniado ao SUS em nossa cidade, que presta atendimento m\u00e9dico hospitalar para os demais munic\u00edpios da regi\u00e3o. Consigne-se que o munic\u00edpio de Birigui, \u00e9 sede da microrregi\u00e3o que abrange os seguintes munic\u00edpios: Brejo Alegre, Bilac, Coroados, Lourdes, Turi\u00faba, Buritama, Piacatu, Gabriel Monteiro, Sant\u00f3polis do Aguape\u00ed e Clementina.<\/p>\n\n\n\n<p align=\"justify\">&nbsp;O hospital funciona como retaguarda do Sistema \u00danico de Sa\u00fade, com caracter\u00edsticas de um hospital geral de N\u00edvel Secund\u00e1rio com 120 leitos, dotado ainda de especialidades: Cl\u00ednica Cir\u00fargica (Cirurgia Geral e a Cirurgia Especializada), Anestesiologia, Cl\u00ednica M\u00e9dica, Ginecologia e Obstetr\u00edcia, Ortopedia, Pediatria e Unidade de Terapia Intensiva e Centro Cir\u00fargico com 05 (Cinco) salas de cirurgia, atendimento ambulatorial de exames de Raio-X, Oftalmologia, Mamografia e Litotripsia<\/p>\n\n\n\n<p>Atende em m\u00e9dia 650 interna\u00e7\u00f5es hospitalares e 300 cirurgias mensais, sendo 70% atendimentos aos pacientes SUS.<\/p>\n\n\n\n<p align=\"justify\">Salienta-se, ainda, que a entidade tem como fim social \u00e0 assist\u00eancia m\u00e9dica e hospitalar, onde ser\u00e3o admitidas \u00e0 consulta, tratamento e interna\u00e7\u00e3o, pessoas que qualquer condi\u00e7\u00e3o social.<\/p>\n\n\n\n<p><strong>Nossas Certifica\u00e7\u00f5es :<\/strong><\/p>\n\n\n\n<ul class=\"wp-block-list\"><li>CEBAS (Certifica\u00e7\u00e3o de Entidades Beneficentes de Assist\u00eancia Social).<\/li><li>Amparada na lei federal 9.637\/98, o trabalho da Santa Casa de Birigui \u00e9 legitimado como Organiza\u00e7\u00f5es Sociais (O.S).<\/li><li>Certifica\u00e7\u00e3o Ouro em Esteriliza\u00e7\u00e3o Hospitalar da 3M<\/li><li>Certifica\u00e7\u00e3o CQH \u2013 Compromisso com a Qualidade Hospitalar<\/li><\/ul>\n\n\n\n<p><strong>Nosso Objetivo<\/strong><\/p>\n\n\n\n<ul align=\"justify\"><li>Manter, administrar e desenvolver estabelecimentos destinados a presta\u00e7\u00e3o de servi\u00e7os de sa\u00fade dentro dos par\u00e2metros e propor\u00e7\u00f5es estabelecidos pela legisla\u00e7\u00e3o e regulamentos federais, estaduais e municipais e pelos normativos aplic\u00e1veis ao SUS (Sistema \u00danico de Sa\u00fade), observando, sempre, os princ\u00edpios da legalidade, impessoalidade, moralidade, publicidade, economicidade e da efici\u00eancia para o alcance de suas finalidades sociais<\/li><\/ul>\n\n\n\n<p><strong>NOSSAS \u00c0REAS DE ATUA\u00c7\u00c3O<\/strong><\/p>\n\n\n\n<ul class=\"wp-block-list\"><li>GEST\u00c3O EM UNIDADE HOSPITALAR;<\/li><li>GERENCIAMENTO EM UNIDADES DE URG\u00caNCIA E EMERG\u00caNCIA;<\/li><li>GERENCIAMENTO EM UNIDADES DE ATEN\u00c7\u00c3O B\u00c1SICA &#8211; ESF;<\/li><li>GERENCIAMENTO EM UNIDADES DE ATEN\u00c7\u00c3O PSICOSSOCIAL;<\/li><li>EXECU\u00c7\u00c3O DE PROJETOS DE A\u00c7\u00d5ES INDIVIDUAIS E\/OU COLETIVAS DE PROMO\u00c7\u00c3O \u00c0 SA\u00daDE E PREVEN\u00c7\u00c3O DE DOEN\u00c7AS<\/li><li>GEST\u00c3O DE PLANO DE SA\u00daDE;<\/li><li>CELEBRA\u00c7\u00c3O DE CONV\u00caNIOS DE PARCERIA, APOIO E COORDENA\u00c7\u00c3O T\u00c9CNICA COM INSTITUI\u00c7\u00d5ES P\u00daBLICAS E PRIVADAS. NOS \u00daLTIMOS ANOS, ESTENDEU SUA EXPERTISE PARA DIVERSOS MUNIC\u00cdPIOS;<\/li><\/ul>\n\n\n\n<p><strong>NOSSOS PROGRAMAS DE SA\u00daDE<\/strong><\/p>\n\n\n\n<ul class=\"wp-block-list\"><li>PROJETOS DE EDUCA\u00c7\u00c3O EM SA\u00daDE;<\/li><li>PROJETOS DE PREVEN\u00c7\u00c3O E CONTROLE DE DOEN\u00c7AS E DE ORIENTA\u00c7\u00c3O SANIT\u00c1RIA;<\/li><li>PROPORCIONA MEIOS DE COOPERA\u00c7\u00c3O NO ENSINO, PESQUISA E DIFUS\u00c3O DE CONHECIMENTO CIENT\u00cdFICO, CONCERNENTES \u00c0 ESPECIALIZA\u00c7\u00c3O M\u00c9DICA HOSPITALAR, FARMAC\u00caUTICA, FISIOTER\u00c1PICA, BIOM\u00c9DICA, NUTRICIONAL, ODONTOL\u00d3GICA E DEMAIS \u00c1REAS DE CONHECIMENTO HUMANO RELACIONADO \u00c0 SA\u00daDE.<\/li><\/ul>\n\n\n\n<p><strong>CONV\u00caNIO SUS E ATENDIMENTO M\u00c9DICO HUMANIZADO<\/strong><\/p>\n\n\n\n<ul class=\"wp-block-list\"><li>\u00daNICO HOSPITAL CONVENIADO NO SUS DA CIDADE;<\/li><li>REFER\u00caNCIA PARA A MICRORREGI\u00c3O, QUE ABRANGE OS MUNIC\u00cdPIOS DE BREJO ALEGRE, BILAC, COROADOS, LOURDES, TURI\u00daBA, BURITAMA, PIACATU, GABRIEL MONTEIRO, SANT\u00d3POLIS DO AGUAPE\u00cd E CLEMENTINA;<\/li><li>CONV\u00caNIOS FIRMADOS COM OUTROS PLANOS DE SA\u00daDE (Associa\u00e7\u00e3o Santa Casa Clinicas, S\u00e3o Francisco e Unimed) ;<\/li><\/ul>\n\n\n\n<p>ATUALMENTE CONTAMOS COM 120 LEITOS EM NOSSA UNIDADE HOSPITALAR, SENDO 76 LEITOS SUS E 44 LEITOS PARTICULARES.<\/p>\n\n\n\n<ul class=\"wp-block-list\"><li><strong>Miss\u00e3o<\/strong><\/li><\/ul>\n\n\n\n<p>Prestar servi\u00e7os de sa\u00fade \u00e0 popula\u00e7\u00e3o de Birigui e regi\u00e3o, para pacientes que necessitam de cuidados m\u00e9dicos e ambulatoriais, atuando de maneira eficaz, com \u00e9tica, respeito e profissionais qualificados.<\/p>\n\n\n\n<ul class=\"wp-block-list\"><li><strong>Vis\u00e3o<\/strong><\/li><\/ul>\n\n\n\n<p>Tornar-se um hospital de refer\u00eancia regional, integrado aos sistemas de sa\u00fade p\u00fablica e privada, mantendo a uni\u00e3o das equipes de trabalho dos diversos setores, objetivando a continuidade dos servi\u00e7os com o maior calor humano poss\u00edvel.<\/p>\n\n\n\n<ul class=\"wp-block-list\"><li><strong>Valores<\/strong><\/li><\/ul>\n\n\n\n<p>\u00c9tica, compromisso, respeito, humaniza\u00e7\u00e3o e esperan\u00e7a.<\/p>\n\n\n\n<\/p>\n","protected":false},"excerpt":{"rendered":"<p>IRMANDADE DA SANTA CASA DE MISERIC\u00d3RDIA DE BIRIGUI Hist\u00f3rico da institui\u00e7\u00e3o:&nbsp; A entidade foi fundada em 1935, iniciando suas atividades em 08\/12\/1935, em consequ\u00eancia da benemer\u00eancia de um grupo de pessoas de express\u00e3o s\u00f3cio econ\u00f4mico e pol\u00edtica do munic\u00edpio e, a exemplo de outras Santa Casa do pa\u00eds, tamb\u00e9m evolui com caracter\u00edstica religiosa e com [&hellip;]<\/p>\n","protected":false},"author":1,"featured_media":0,"parent":0,"menu_order":0,"comment_status":"closed","ping_status":"closed","template":"","meta":{"footnotes":""},"class_list":["post-2193","page","type-page","status-publish","hentry"],"_links":{"self":[{"href":"https:\/\/scbirigu.vtec.net.br\/index.php?rest_route=\/wp\/v2\/pages\/2193","targetHints":{"allow":["GET"]}}],"collection":[{"href":"https:\/\/scbirigu.vtec.net.br\/index.php?rest_route=\/wp\/v2\/pages"}],"about":[{"href":"https:\/\/scbirigu.vtec.net.br\/index.php?rest_route=\/wp\/v2\/types\/page"}],"author":[{"embeddable":true,"href":"https:\/\/scbirigu.vtec.net.br\/index.php?rest_route=\/wp\/v2\/users\/1"}],"replies":[{"embeddable":true,"href":"https:\/\/scbirigu.vtec.net.br\/index.php?rest_route=%2Fwp%2Fv2%2Fcomments&post=2193"}],"version-history":[{"count":0,"href":"https:\/\/scbirigu.vtec.net.br\/index.php?rest_route=\/wp\/v2\/pages\/2193\/revisions"}],"wp:attachment":[{"href":"https:\/\/scbirigu.vtec.net.br\/index.php?rest_route=%2Fwp%2Fv2%2Fmedia&parent=2193"}],"curies":[{"name":"wp","href":"https:\/\/api.w.org\/{rel}","templated":true}]}}